{"id":1592,"date":"2017-01-16T16:33:49","date_gmt":"2017-01-16T16:33:49","guid":{"rendered":"http:\/\/oberstedten.info\/?page_id=1592"},"modified":"2017-04-02T15:59:44","modified_gmt":"2017-04-02T15:59:44","slug":"impressum","status":"publish","type":"page","link":"https:\/\/oberstedten.info\/?page_id=1592","title":{"rendered":"Impressum"},"content":{"rendered":"[et_pb_section admin_label=&#8220;Sektion&#8220; fullwidth=&#8220;off&#8220; specialty=&#8220;off&#8220; transparent_background=&#8220;off&#8220; allow_player_pause=&#8220;off&#8220; inner_shadow=&#8220;off&#8220; parallax=&#8220;off&#8220; parallax_method=&#8220;off&#8220; padding_mobile=&#8220;off&#8220; make_fullwidth=&#8220;off&#8220; use_custom_width=&#8220;off&#8220; width_unit=&#8220;on&#8220; make_equal=&#8220;off&#8220; use_custom_gutter=&#8220;off&#8220;][et_pb_row admin_label=&#8220;Zeile&#8220;][et_pb_column type=&#8220;4_4&#8243;][et_pb_text admin_label=&#8220;Text&#8220; background_layout=&#8220;light&#8220; text_orientation=&#8220;left&#8220; use_border_color=&#8220;off&#8220; border_color=&#8220;#ffffff&#8220; border_style=&#8220;solid&#8220;]\n<h3>Impressum<\/h3>\n<p>Angaben gem\u00e4\u00df \u00a7 5 TMG:<\/p>\n<p>Horst Eufinger<br \/>\nKrautweg 27<br \/>\n61440 Oberursel<\/p>\n<p>Verantwortlich f\u00fcr den Inhalt nach \u00a7 55 Abs. 2 RStV<br \/>\nHorst Eufinger<\/p>\n<p>Webdesign<br \/>\nHorst Eufinger<\/p>\n<p>Quellenangaben f\u00fcr die verwendeten Bilder und Grafiken:<br \/>\nFotos: Horst Eufinger<br \/>\nweitere Fotos: Stefan Eufinger<br \/>\nGrafiken\/Fotos: Copyright \u00a9 2017\u00a0Eufinger und Sybex-Verlag (Nr.6450). Alle Rechte vorbehalten.<br \/>\ngemeinfreie Fotos\/Grafiken aus\u00a0Wikipedia<br \/>\nHistorische Fotos: Archiv Fritz Wagner<\/p>\n<p>Quelle f\u00fcr historische Infos und Daten:<br \/>\nGeschichts- und Kulturkreis Oberstedten e.V. (Hrsg.):<br \/>\n&#8222;OBERSTEDTEN Eine Ortsgeschichte&#8220;, Bearbeitet von Angelika Baeumert, Frankfurt 2000<br \/>\nWaldemar Kramer (Hrsg.):<br \/>\n&#8222;URSELLA&#8220;, Frankfurt 1978<br \/>\n&#8222;Chronik der Gemeinde Oberstedten &#8211; Mi Nachrichten \u00fcber Mittel- und Niederstedten&#8220;, Bearbeitet von August Korf, Oberursel 1928<br \/>\nHistorische Karte \u201eLandgrafschaft Hessen-Homburg 1828 \u2013 2. Amt Homburg [\u00f6stlicher Teil]\u201c, JG. Stumpff, in: Historische Kartenwerke &lt;http:\/\/www.lagis-hessen.de\/de\/subjects\/idrec\/sn\/hkw\/id\/201&gt;<br \/>\nWikipedia: div. Artikel<br \/>\nJahrb\u00fccher des Hochtaunuskreises<br \/>\nWebsite Stadt Oberursel und Stadtarchiv, Andrea Bott<br \/>\nWebsite www.juedische-pflegegeschichte.de (Beitrag Kann-Stiftung)<br \/>\nVortr\u00e4ge Kultur- und Geschichtsverein Oberstedten e.V.<\/p>\n<h4><\/h4>\n<h3>Haftungsausschluss (Disclaimer)<br \/>\n<span id=\"textspan4\"><\/span><\/h3>\n<p><span id=\"textspan4\">Quelle: http:\/\/www.e-recht24.deHaftung f\u00fcr Inhalte<\/span><\/p>\n<p>Als Diensteanbieter sind wir gem\u00e4\u00df \u00a7 7 Abs.1 TMG f\u00fcr eigene Inhalte auf diesen Seiten nach den allgemeinen Gesetzen verantwortlich. Nach \u00a7\u00a7 8 bis 10 TMG sind wir als Diensteanbieter jedoch nicht verpflichtet, \u00fcbermittelte oder gespeicherte fremde Informationen zu \u00fcberwachen oder nach Umst\u00e4nden zu forschen, die auf eine rechtswidrige T\u00e4tigkeit hinweisen. Verpflichtungen zur Entfernung oder Sperrung der Nutzung von Informationen nach den allgemeinen Gesetzen bleiben hiervon unber\u00fchrt. Eine diesbez\u00fcgliche Haftung ist jedoch erst ab dem Zeitpunkt der Kenntnis einer konkreten Rechtsverletzung m\u00f6glich. Bei Bekanntwerden von entsprechenden Rechtsverletzungen werden wir diese Inhalte umgehend entfernen.<\/p>\n<p><span id=\"textspan5\">Haftung f\u00fcr Links<\/span><\/p>\n<p>Unser Angebot enth\u00e4lt Links zu externen Webseiten Dritter, auf deren Inhalte wir keinen Einfluss haben. Deshalb k\u00f6nnen wir f\u00fcr diese fremden Inhalte auch keine Gew\u00e4hr \u00fcbernehmen. F\u00fcr die Inhalte der verlinkten Seiten ist stets der jeweilige Anbieter oder Betreiber der Seiten verantwortlich. Die verlinkten Seiten wurden zum Zeitpunkt der Verlinkung auf m\u00f6gliche Rechtsverst\u00f6\u00dfe \u00fcberpr\u00fcft. Rechtswidrige Inhalte waren zum Zeitpunkt der Verlinkung nicht erkennbar. Eine permanente inhaltliche Kontrolle der verlinkten Seiten ist jedoch ohne konkrete Anhaltspunkte einer Rechtsverletzung nicht zumutbar. Bei Bekanntwerden von Rechtsverletzungen werden wir derartige Links umgehend entfernen.<\/p>\n<p><span id=\"textspan6\">Urheberrecht<\/span><\/p>\n<p>Die durch die Seitenbetreiber erstellten Inhalte und Werke auf diesen Seiten unterliegen dem deutschen Urheberrecht. Die Vervielf\u00e4ltigung, Bearbeitung, Verbreitung und jede Art der Verwertung au\u00dferhalb der Grenzen des Urheberrechtes bed\u00fcrfen der schriftlichen Zustimmung des jeweiligen Autors bzw. Erstellers. Downloads und Kopien dieser Seite sind nur f\u00fcr den privaten, nicht kommerziellen Gebrauch gestattet. Soweit die Inhalte auf dieser Seite nicht vom Betreiber erstellt wurden, werden die Urheberrechte Dritter beachtet. Insbesondere werden Inhalte Dritter als solche gekennzeichnet. Sollten Sie trotzdem auf eine Urheberrechtsverletzung aufmerksam werden, bitten wir um einen entsprechenden Hinweis. Bei Bekanntwerden von Rechtsverletzungen werden wir derartige Inhalte umgehend entfernen.<\/p>\n[\/et_pb_text][\/et_pb_column][\/et_pb_row][\/et_pb_section]\n","protected":false},"excerpt":{"rendered":"<p>[et_pb_section admin_label=&#8220;Sektion&#8220; fullwidth=&#8220;off&#8220; specialty=&#8220;off&#8220; transparent_background=&#8220;off&#8220; allow_player_pause=&#8220;off&#8220; inner_shadow=&#8220;off&#8220; parallax=&#8220;off&#8220; parallax_method=&#8220;off&#8220; padding_mobile=&#8220;off&#8220; make_fullwidth=&#8220;off&#8220; use_custom_width=&#8220;off&#8220; width_unit=&#8220;on&#8220; make_equal=&#8220;off&#8220; use_custom_gutter=&#8220;off&#8220;][et_pb_row admin_label=&#8220;Zeile&#8220;][et_pb_column type=&#8220;4_4&#8243;][et_pb_text admin_label=&#8220;Text&#8220; background_layout=&#8220;light&#8220; text_orientation=&#8220;left&#8220; use_border_color=&#8220;off&#8220; border_color=&#8220;#ffffff&#8220; border_style=&#8220;solid&#8220;] Impressum Angaben gem\u00e4\u00df \u00a7 5 TMG: Horst Eufinger Krautweg 27 61440 Oberursel Verantwortlich f\u00fcr den Inhalt nach \u00a7 55 Abs. 2 RStV Horst Eufinger Webdesign Horst Eufinger Quellenangaben f\u00fcr die verwendeten Bilder [&hellip;]<\/p>\n","protected":false},"author":1,"featured_media":0,"parent":0,"menu_order":0,"comment_status":"closed","ping_status":"closed","template":"","meta":{"_et_pb_use_builder":"on","_et_pb_old_content":"<h3>Impressum<\/h3><p>Angaben gem\u00e4\u00df \u00a7 5 TMG:<\/p><p>Horst Eufinger<br \/>Krautweg 27<br \/>61440 Oberursel<\/p><p>Verantwortlich f\u00fcr den Inhalt nach \u00a7 55 Abs. 2 RStV<\/p><p>Horst Eufinger<\/p><p>Webdesign<br \/>Horst Eufinger<\/p><p>Quellenangaben f\u00fcr die verwendeten Bilder und Grafiken:<br \/>Logo-Grafik: gemeinfrei, Wikipedia<\/p><p>Fotos: Horst Eufinger, Stefan Eufinger<br \/>Grafiken\/Fotos: Sybex Nr. 6450<br \/>Historische Fotos: Archiv Fritz Wagner<\/p><p><br \/>Quelle: http:\/\/www.e-recht24.de<\/p><p>\u00a0<\/p><h3>Haftungsausschluss (Disclaimer)<\/h3><p><span id=\"textspan4\">Haftung f\u00fcr Inhalte<\/span><\/p><p>Als Diensteanbieter sind wir gem\u00e4\u00df \u00a7 7 Abs.1 TMG f\u00fcr eigene Inhalte auf diesen Seiten nach den allgemeinen Gesetzen verantwortlich. Nach \u00a7\u00a7 8 bis 10 TMG sind wir als Diensteanbieter jedoch nicht verpflichtet, \u00fcbermittelte oder gespeicherte fremde Informationen zu \u00fcberwachen oder nach Umst\u00e4nden zu forschen, die auf eine rechtswidrige T\u00e4tigkeit hinweisen. Verpflichtungen zur Entfernung oder Sperrung der Nutzung von Informationen nach den allgemeinen Gesetzen bleiben hiervon unber\u00fchrt. Eine diesbez\u00fcgliche Haftung ist jedoch erst ab dem Zeitpunkt der Kenntnis einer konkreten Rechtsverletzung m\u00f6glich. Bei Bekanntwerden von entsprechenden Rechtsverletzungen werden wir diese Inhalte umgehend entfernen.<br \/><br \/><br \/><span id=\"textspan5\">Haftung f\u00fcr Links<\/span><br \/><br \/>Unser Angebot enth\u00e4lt Links zu externen Webseiten Dritter, auf deren Inhalte wir keinen Einfluss haben. Deshalb k\u00f6nnen wir f\u00fcr diese fremden Inhalte auch keine Gew\u00e4hr \u00fcbernehmen. F\u00fcr die Inhalte der verlinkten Seiten ist stets der jeweilige Anbieter oder Betreiber der Seiten verantwortlich. Die verlinkten Seiten wurden zum Zeitpunkt der Verlinkung auf m\u00f6gliche Rechtsverst\u00f6\u00dfe \u00fcberpr\u00fcft. Rechtswidrige Inhalte waren zum Zeitpunkt der Verlinkung nicht erkennbar. Eine permanente inhaltliche Kontrolle der verlinkten Seiten ist jedoch ohne konkrete Anhaltspunkte einer Rechtsverletzung nicht zumutbar. Bei Bekanntwerden von Rechtsverletzungen werden wir derartige Links umgehend entfernen.<br \/><br \/><br \/><span id=\"textspan6\">Urheberrecht<\/span><br \/><br \/>Die durch die Seitenbetreiber erstellten Inhalte und Werke auf diesen Seiten unterliegen dem deutschen Urheberrecht. Die Vervielf\u00e4ltigung, Bearbeitung, Verbreitung und jede Art der Verwertung au\u00dferhalb der Grenzen des Urheberrechtes bed\u00fcrfen der schriftlichen Zustimmung des jeweiligen Autors bzw. Erstellers. Downloads und Kopien dieser Seite sind nur f\u00fcr den privaten, nicht kommerziellen Gebrauch gestattet. Soweit die Inhalte auf dieser Seite nicht vom Betreiber erstellt wurden, werden die Urheberrechte Dritter beachtet. Insbesondere werden Inhalte Dritter als solche gekennzeichnet. Sollten Sie trotzdem auf eine Urheberrechtsverletzung aufmerksam werden, bitten wir um einen entsprechenden Hinweis. Bei Bekanntwerden von Rechtsverletzungen werden wir derartige Inhalte umgehend entfernen.<\/p>","_et_gb_content_width":"","footnotes":""},"class_list":["post-1592","page","type-page","status-publish","hentry"],"_links":{"self":[{"href":"https:\/\/oberstedten.info\/index.php?rest_route=\/wp\/v2\/pages\/1592","targetHints":{"allow":["GET"]}}],"collection":[{"href":"https:\/\/oberstedten.info\/index.php?rest_route=\/wp\/v2\/pages"}],"about":[{"href":"https:\/\/oberstedten.info\/index.php?rest_route=\/wp\/v2\/types\/page"}],"author":[{"embeddable":true,"href":"https:\/\/oberstedten.info\/index.php?rest_route=\/wp\/v2\/users\/1"}],"replies":[{"embeddable":true,"href":"https:\/\/oberstedten.info\/index.php?rest_route=%2Fwp%2Fv2%2Fcomments&post=1592"}],"version-history":[{"count":12,"href":"https:\/\/oberstedten.info\/index.php?rest_route=\/wp\/v2\/pages\/1592\/revisions"}],"predecessor-version":[{"id":2388,"href":"https:\/\/oberstedten.info\/index.php?rest_route=\/wp\/v2\/pages\/1592\/revisions\/2388"}],"wp:attachment":[{"href":"https:\/\/oberstedten.info\/index.php?rest_route=%2Fwp%2Fv2%2Fmedia&parent=1592"}],"curies":[{"name":"wp","href":"https:\/\/api.w.org\/{rel}","templated":true}]}}